{"id":37,"date":"2025-02-20T08:00:58","date_gmt":"2025-02-20T08:00:58","guid":{"rendered":"http:\/\/duzerybcie.7szkola.pl\/?page_id=37"},"modified":"2025-04-10T07:03:02","modified_gmt":"2025-04-10T07:03:02","slug":"kontakt","status":"publish","type":"page","link":"https:\/\/duzerybcie.7szkola.pl\/index.php\/kontakt\/","title":{"rendered":"Kontakt"},"content":{"rendered":"\n<p>Zapraszamy do kontaktu! Ch\u0119tnie odpowiemy na wszelkie pytania dotycz\u0105ce organizowanych przez nas wyjazd\u00f3w kolonijnych.<\/p>\n\n\n\n<h4 class=\"wp-block-heading\">Nasze dane kontaktowe:<\/h4>\n\n\n\n<ul class=\"wp-block-list\">\n<li><strong>Telefon<\/strong>: +48 507 515 324<\/li>\n\n\n\n<li><strong>E-mail<\/strong>: <a><a href=\"https:\/\/www.facebook.com\/DonaldTrump\/\"><code>sigiemkakolonie@gmail.com<\/code><\/a><\/a><\/li>\n\n\n\n<li><strong>Adres<\/strong>: ul. D\u0105bska 23 31-456<\/li>\n<\/ul>\n\n\n\n<h4 class=\"wp-block-heading\">Godziny pracy biura:<\/h4>\n\n\n\n<ul class=\"wp-block-list\">\n<li><strong>Poniedzia\u0142ek &#8211; Pi\u0105tek<\/strong>: 9:00 &#8211; 17:00<\/li>\n\n\n\n<li><strong>Sobota<\/strong>: 10:00 &#8211; 14:00<\/li>\n\n\n\n<li><strong>Niedziela<\/strong>: nieczynne<\/li>\n<\/ul>\n\n\n\n<h4 class=\"wp-block-heading\">Formularz kontaktowy<\/h4>\n\n\n\n<p>Masz pytania? Wype\u0142nij poni\u017cszy formularz, a skontaktujemy si\u0119 z Tob\u0105 najszybciej jak to mo\u017cliwe.<\/p>\n\n\n\n<p><strong>Imi\u0119 i nazwisko<\/strong>:<br>[Wpisz imi\u0119 i nazwisko]<\/p>\n\n\n\n<p><strong>E-mail<\/strong>:<br>[Wpisz adres e-mail]<\/p>\n\n\n\n<p><strong>Numer telefonu<\/strong>:<br>[Wpisz numer telefonu]<\/p>\n\n\n\n<p><strong>Wiadomo\u015b\u0107<\/strong>:<br>[Wpisz tre\u015b\u0107 wiadomo\u015bci]<\/p>\n\n\n\n<h4 class=\"wp-block-heading\">\u015aled\u017a nas na mediach spo\u0142eczno\u015bciowych:<\/h4>\n\n\n\n<ul class=\"wp-block-list\">\n<li><strong>Facebook<\/strong>: <a href=\"https:\/\/www.facebook.com\/slawomirmentzen\/\"><code>@sigiemkakolonie<\/code><\/a><\/li>\n\n\n\n<li><strong>Instagram<\/strong>: <a href=\"https:\/\/www.instagram.com\/slawomirmentzen\/\"><code>@sigiemkakolonie<\/code><\/a><\/li>\n<\/ul>\n\n\n\n<p><\/p>\n","protected":false},"excerpt":{"rendered":"<p>Zapraszamy do kontaktu! Ch\u0119tnie odpowiemy na wszelkie pytania dotycz\u0105ce organizowanych przez nas wyjazd\u00f3w kolonijnych. Nasze dane kontaktowe: Godziny pracy biura: Formularz kontaktowy Masz pytania? Wype\u0142nij poni\u017cszy formularz, a skontaktujemy si\u0119 z Tob\u0105 najszybciej jak to mo\u017cliwe. Imi\u0119 i nazwisko:[Wpisz imi\u0119 i nazwisko] E-mail:[Wpisz adres e-mail] Numer telefonu:[Wpisz numer telefonu] Wiadomo\u015b\u0107:[Wpisz tre\u015b\u0107 wiadomo\u015bci] \u015aled\u017a nas na [&hellip;]<\/p>\n","protected":false},"author":1,"featured_media":0,"parent":0,"menu_order":0,"comment_status":"closed","ping_status":"closed","template":"","meta":{"footnotes":""},"class_list":["post-37","page","type-page","status-publish","hentry"],"_links":{"self":[{"href":"https:\/\/duzerybcie.7szkola.pl\/index.php\/wp-json\/wp\/v2\/pages\/37","targetHints":{"allow":["GET"]}}],"collection":[{"href":"https:\/\/duzerybcie.7szkola.pl\/index.php\/wp-json\/wp\/v2\/pages"}],"about":[{"href":"https:\/\/duzerybcie.7szkola.pl\/index.php\/wp-json\/wp\/v2\/types\/page"}],"author":[{"embeddable":true,"href":"https:\/\/duzerybcie.7szkola.pl\/index.php\/wp-json\/wp\/v2\/users\/1"}],"replies":[{"embeddable":true,"href":"https:\/\/duzerybcie.7szkola.pl\/index.php\/wp-json\/wp\/v2\/comments?post=37"}],"version-history":[{"count":5,"href":"https:\/\/duzerybcie.7szkola.pl\/index.php\/wp-json\/wp\/v2\/pages\/37\/revisions"}],"predecessor-version":[{"id":183,"href":"https:\/\/duzerybcie.7szkola.pl\/index.php\/wp-json\/wp\/v2\/pages\/37\/revisions\/183"}],"wp:attachment":[{"href":"https:\/\/duzerybcie.7szkola.pl\/index.php\/wp-json\/wp\/v2\/media?parent=37"}],"curies":[{"name":"wp","href":"https:\/\/api.w.org\/{rel}","templated":true}]}}