{"id":92,"date":"2025-02-27T08:59:44","date_gmt":"2025-02-27T08:59:44","guid":{"rendered":"http:\/\/duzerybcie.7szkola.pl\/?page_id=92"},"modified":"2025-03-13T08:05:07","modified_gmt":"2025-03-13T08:05:07","slug":"oferta","status":"publish","type":"page","link":"https:\/\/duzerybcie.7szkola.pl\/index.php\/oferta\/","title":{"rendered":"Oferta"},"content":{"rendered":"\n<h3 class=\"wp-block-heading\"><\/h3>\n\n\n\n<h4 class=\"wp-block-heading\"><strong>1. Kolonie sportowo-wodne<\/strong><\/h4>\n\n\n\n<ul class=\"wp-block-list\">\n<li>Obozy letnie i zimowe dla dzieci i m\u0142odzie\u017cy<\/li>\n\n\n\n<li>Nauka i doskonalenie p\u0142ywania pod okiem instruktor\u00f3w<\/li>\n\n\n\n<li>Kajaki, \u017ceglarstwo, windsurfing i inne sporty wodne<\/li>\n\n\n\n<li>Gry zespo\u0142owe, zaj\u0119cia rekreacyjne i rozwijaj\u0105ce sprawno\u015b\u0107 fizyczn\u0105<\/li>\n<\/ul>\n\n\n\n<h4 class=\"wp-block-heading\"><strong>2. Obozy przygodowe<\/strong><\/h4>\n\n\n\n<ul class=\"wp-block-list\">\n<li>Survivalowe wyprawy i treningi w terenie<\/li>\n\n\n\n<li>Sp\u0142ywy kajakowe i wycieczki rowerowe<\/li>\n\n\n\n<li>Budowanie obozowisk i nauka orientacji w terenie<\/li>\n\n\n\n<li>Zaj\u0119cia z pierwszej pomocy i rozwijania umiej\u0119tno\u015bci radzenia sobie w naturze<\/li>\n<\/ul>\n\n\n\n<h4 class=\"wp-block-heading\"><strong>3. Obozy tematyczne<\/strong><\/h4>\n\n\n\n<ul class=\"wp-block-list\">\n<li>Warsztaty taneczne, artystyczne i teatralne<\/li>\n\n\n\n<li>Obozy fotograficzne i filmowe<\/li>\n\n\n\n<li>Programy ekologiczne i edukacyjne zwi\u0105zane z ochron\u0105 \u015brodowiska<\/li>\n\n\n\n<li>Integracyjne zabawy i konkursy<\/li>\n<\/ul>\n\n\n\n<h3 class=\"wp-block-heading\"><strong>Dlaczego warto wybra\u0107 Sigiemka Kolonie?<\/strong><\/h3>\n\n\n\n<p>&#x2714; Do\u015bwiadczona kadra wychowawc\u00f3w i instruktor\u00f3w sportowych<br>&#x2714; Bezpiecze\u0144stwo i profesjonalna opieka nad uczestnikami<br>&#x2714; Aktywno\u015bci dopasowane do r\u00f3\u017cnych zainteresowa\u0144 i poziomu zaawansowania<br>&#x2714; Niezapomniane przygody i mo\u017cliwo\u015b\u0107 nawi\u0105zania nowych przyja\u017ani<br>&#x2714; Wspania\u0142a atmosfera i blisko\u015b\u0107 natury<\/p>\n\n\n\n<p>Zapraszamy do kontaktu i rezerwacji miejsc! Sprawd\u017a nasz\u0105 ofert\u0119 i do\u0142\u0105cz do niezapomnianych przyg\u00f3d z Sigiemka Kolonie!<\/p>\n","protected":false},"excerpt":{"rendered":"<p>1. Kolonie sportowo-wodne 2. Obozy przygodowe 3. Obozy tematyczne Dlaczego warto wybra\u0107 Sigiemka Kolonie? &#x2714; Do\u015bwiadczona kadra wychowawc\u00f3w i instruktor\u00f3w sportowych&#x2714; Bezpiecze\u0144stwo i profesjonalna opieka nad uczestnikami&#x2714; Aktywno\u015bci dopasowane do r\u00f3\u017cnych zainteresowa\u0144 i poziomu zaawansowania&#x2714; Niezapomniane przygody i mo\u017cliwo\u015b\u0107 nawi\u0105zania nowych przyja\u017ani&#x2714; Wspania\u0142a atmosfera i blisko\u015b\u0107 natury Zapraszamy do kontaktu i rezerwacji miejsc! Sprawd\u017a nasz\u0105 [&hellip;]<\/p>\n","protected":false},"author":1,"featured_media":0,"parent":0,"menu_order":0,"comment_status":"closed","ping_status":"closed","template":"","meta":{"footnotes":""},"class_list":["post-92","page","type-page","status-publish","hentry"],"_links":{"self":[{"href":"https:\/\/duzerybcie.7szkola.pl\/index.php\/wp-json\/wp\/v2\/pages\/92","targetHints":{"allow":["GET"]}}],"collection":[{"href":"https:\/\/duzerybcie.7szkola.pl\/index.php\/wp-json\/wp\/v2\/pages"}],"about":[{"href":"https:\/\/duzerybcie.7szkola.pl\/index.php\/wp-json\/wp\/v2\/types\/page"}],"author":[{"embeddable":true,"href":"https:\/\/duzerybcie.7szkola.pl\/index.php\/wp-json\/wp\/v2\/users\/1"}],"replies":[{"embeddable":true,"href":"https:\/\/duzerybcie.7szkola.pl\/index.php\/wp-json\/wp\/v2\/comments?post=92"}],"version-history":[{"count":2,"href":"https:\/\/duzerybcie.7szkola.pl\/index.php\/wp-json\/wp\/v2\/pages\/92\/revisions"}],"predecessor-version":[{"id":109,"href":"https:\/\/duzerybcie.7szkola.pl\/index.php\/wp-json\/wp\/v2\/pages\/92\/revisions\/109"}],"wp:attachment":[{"href":"https:\/\/duzerybcie.7szkola.pl\/index.php\/wp-json\/wp\/v2\/media?parent=92"}],"curies":[{"name":"wp","href":"https:\/\/api.w.org\/{rel}","templated":true}]}}